{"id":39,"date":"2025-01-08T17:27:11","date_gmt":"2025-01-08T17:27:11","guid":{"rendered":"http:\/\/kaszubski-kociol.pl\/index.php\/o-nas\/"},"modified":"2026-01-18T12:11:58","modified_gmt":"2026-01-18T12:11:58","slug":"o-nas","status":"publish","type":"page","link":"https:\/\/kaszubski-kociol.pl\/index.php\/o-nas\/","title":{"rendered":"O Nas"},"content":{"rendered":"\n    \n    <section class=\"u-black u-clearfix u-section-2\" id=\"block-4\">\n      <div class=\"u-clearfix u-sheet u-valign-bottom-xs u-valign-middle-lg u-sheet-1\">\n        <div class=\"u-container-style u-expanded-width-lg u-expanded-width-md u-expanded-width-sm u-expanded-width-xs u-group u-shape-rectangle u-group-1\">\n          <div class=\"u-container-layout u-container-layout-1\">\n            <h1 class=\"u-custom-font u-text u-text-custom-color-6 u-text-1\">O <span class=\"u-text-white\">nas<\/span>\n            <\/h1>\n            <img decoding=\"async\" class=\"u-image u-image-contain u-image-default u-preserve-proportions u-image-1\" src=\"https:\/\/kaszubski-kociol.pl\/wp-content\/uploads\/2025\/01\/2.png\" alt=\"\" data-image-width=\"500\" data-image-height=\"500\">\n            <h5 class=\"u-custom-font u-text u-text-custom-color-6 u-text-default u-text-2\">Robert<\/h5>\n            <h3 class=\"u-custom-font u-font-montserrat u-text u-text-body-alt-color u-text-3\"> Mam na imi\u0119 Robert mam 46 lat i mieszkam z rodzin\u0105 na Kaszubach w pi\u0119knych Ostrzycach.<br>Swoj\u0105 pasj\u0119 do przyrz\u0105dzania r\u00f3\u017cnych potraw z grilla i serwowania ich swoim go\u015bciom odkry\u0142em wiele lat temu po zakupie pierwszego grilla w\u0119glowego.<br>\n              <br>Z biegiem czasu i testowaniu r\u00f3\u017cnego rodzaju sprz\u0119tu natrafi\u0142em niedawno przypadkowo na \u201ekocio\u0142ek\u201d. Historia \u201eKocio\u0142ka\u201d si\u0119ga ponad 3000 lat wstecz kiedy to w Chinach po raz pierwszy zacz\u0119to u\u017cywa\u0107 glinianych naczy\u0144 do gotowania.<br>Japonia odegra\u0142a kluczow\u0105 rol\u0119 w rozwoju technologii Kamado gdzie naczynie by\u0142o u\u017cywane&nbsp;<br>do parowego gotowania ry\u017cu.<br>\n              <br>Postanowi\u0142em stworzy\u0107 co\u015b \u201einnego\u201d&nbsp;<br>i przedstawi\u0107 wam mo\u017cliwo\u015bci naszych \u201ekocio\u0142k\u00f3w\u201d jakimi s\u0105 mi\u0119dzy innymi w\u0119dzenie , grillowanie czy te\u017c pieczenie r\u00f3\u017cnego rodzaju pysznych potraw.<br><span class=\"u-text-palette-3-base\"><\/span>\n            <\/h3>\n          <\/div>\n        <\/div>\n        <div class=\"u-carousel u-expanded-width-lg u-expanded-width-md u-expanded-width-sm u-expanded-width-xs u-gallery u-gallery-slider u-layout-carousel u-lightbox u-no-transition u-show-text-on-hover u-gallery-1\" data-interval=\"5000\" data-u-ride=\"carousel\" id=\"carousel-c41d\">\n          <ol class=\"u-absolute-hcenter u-carousel-indicators u-carousel-indicators-1\">\n            <li data-u-target=\"#carousel-c41d\" data-u-slide-to=\"0\" class=\"u-active u-grey-70 u-shape-circle\" style=\"width: 10px; height: 10px;\"><\/li>\n            <li data-u-target=\"#carousel-c41d\" data-u-slide-to=\"1\" class=\"u-grey-70 u-shape-circle\" style=\"width: 10px; height: 10px;\"><\/li>\n            <li data-u-target=\"#carousel-c41d\" data-u-slide-to=\"2\" class=\"u-grey-70 u-shape-circle\" style=\"width: 10px; height: 10px;\"><\/li>\n          <\/ol>\n          <div class=\"u-carousel-inner u-gallery-inner u-gallery-inner-1\" role=\"listbox\">\n            <div class=\"u-active u-carousel-item u-effect-fade u-gallery-item u-carousel-item-1\">\n              <div class=\"u-back-slide\" data-image-width=\"1024\" data-image-height=\"768\">\n                <img decoding=\"async\" class=\"u-back-image u-expanded\" src=\"https:\/\/kaszubski-kociol.pl\/wp-content\/uploads\/2025\/09\/pizza-impreza-urodziny-kaszubski-kociol-7.jpg\">\n              <\/div>\n              <div class=\"u-align-center u-container-align-center u-over-slide u-shading u-valign-bottom u-over-slide-1\">\n                <h3 class=\"u-align-center u-custom-font u-font-montserrat u-gallery-heading\" style=\"margin-right: 0px; margin-left: 0px; font-weight: 700;\">Zadzwo\u0144<\/h3>\n                <p class=\"u-align-center u-custom-font u-font-montserrat u-gallery-text u-text-palette-3-base\" style=\"margin-right: 0px; margin-left: 0px; font-size: 2.25rem; font-weight: 700;\">666 684 641<\/p>\n              <\/div>\n            <\/div>\n            <div class=\"u-carousel-item u-effect-fade u-gallery-item u-carousel-item-2\">\n              <div class=\"u-back-slide u-back-slide-2\" data-image-width=\"1024\" data-image-height=\"768\">\n                <img decoding=\"async\" class=\"u-back-image u-expanded\" src=\"https:\/\/kaszubski-kociol.pl\/wp-content\/uploads\/2025\/09\/pizza-impreza-urodziny-kaszubski-kociol-8.jpg\">\n              <\/div>\n              <div class=\"u-align-center u-container-align-center u-over-slide u-shading u-valign-bottom u-over-slide-2\">\n                <h3 class=\"u-align-center u-custom-font u-font-montserrat u-gallery-heading\" style=\"font-weight: 700;\">Zadzwo\u0144<\/h3>\n                <p class=\"u-align-center u-custom-font u-font-montserrat u-gallery-text u-text-palette-3-base\" style=\"font-size: 2.25rem; font-weight: 700;\">666 684 641<\/p>\n              <\/div>\n              <style data-mode=\"XL\" data-visited=\"true\">.u-block-null-1 {\n  margin-right: 0;\n  height: 596px;\n  margin-left: 0;\n  left: 0;\n  top: 1px;\n}\n.u-block-null-4 {\n  background-image: linear-gradient(0deg, rgba(0,0,0,0.2), rgba(0,0,0,0.2));\n  padding-top: 20px;\n  padding-bottom: 20px;\n  padding-left: 20px;\n  padding-right: 20px;\n}<\/style>\n              <style data-mode=\"LG\" data-visited=\"true\">@media (max-width: 1199px) {\n  .u-block-null-1 {\n    margin-right: 0;\n    height: 596px;\n    margin-left: 0;\n  }\n  .u-block-null-4 {\n    background-image: linear-gradient(0deg, rgba(0,0,0,0.2), rgba(0,0,0,0.2));\n    padding-top: 20px;\n    padding-bottom: 20px;\n    padding-left: 20px;\n    padding-right: 20px;\n  }\n}<\/style>\n              <style data-mode=\"MD\" data-visited=\"true\">@media (max-width: 991px) {\n  .u-block-null-1 {\n    margin-right: 0;\n    height: 596px;\n    margin-left: 0;\n  }\n  .u-block-null-4 {\n    background-image: linear-gradient(0deg, rgba(0,0,0,0.2), rgba(0,0,0,0.2));\n    padding-top: 20px;\n    padding-bottom: 20px;\n    padding-left: 20px;\n    padding-right: 20px;\n  }\n}<\/style>\n              <style data-mode=\"SM\" data-visited=\"true\">@media (max-width: 767px) {\n  .u-block-null-1 {\n    margin-right: 0;\n    height: 596px;\n    margin-left: 0;\n  }\n  .u-block-null-4 {\n    background-image: linear-gradient(0deg, rgba(0,0,0,0.2), rgba(0,0,0,0.2));\n    padding-top: 20px;\n    padding-bottom: 20px;\n    padding-left: 20px;\n    padding-right: 20px;\n  }\n}<\/style>\n              <style data-mode=\"XS\" data-visited=\"true\">@media (max-width: 575px) {\n  .u-block-null-1 {\n    margin-right: 0;\n    height: 596px;\n    margin-left: 0;\n  }\n  .u-block-null-4 {\n    background-image: linear-gradient(0deg, rgba(0,0,0,0.2), rgba(0,0,0,0.2));\n    padding-top: 20px;\n    padding-bottom: 20px;\n    padding-left: 20px;\n    padding-right: 20px;\n  }\n}<\/style>\n            <\/div>\n            <div class=\"u-carousel-item u-effect-fade u-gallery-item u-carousel-item-3\" data-image-width=\"850\" data-image-height=\"700\">\n              <div class=\"u-back-slide\">\n                <img decoding=\"async\" class=\"u-back-image u-expanded\" src=\"https:\/\/kaszubski-kociol.pl\/wp-content\/uploads\/2025\/09\/pizza-impreza-urodziny-kaszubski-kociol-3-1.jpg\" alt=\"Zadzwo\u0144\">\n              <\/div>\n              <div class=\"u-align-center u-container-align-center u-over-slide u-shading u-valign-bottom u-over-slide-3\">\n                <h3 class=\"u-align-center u-custom-font u-font-montserrat u-gallery-heading\" style=\"font-weight: 700;\">Zadzwo\u0144<\/h3>\n                <p class=\"u-align-center u-custom-font u-font-montserrat u-gallery-text u-text-palette-3-base\" style=\"font-size: 2.25rem; font-weight: 700;\">666 684 641<\/p>\n              <\/div>\n              <style data-mode=\"XL\" data-visited=\"true\"><\/style>\n              <style data-mode=\"LG\" data-visited=\"true\"><\/style>\n              <style data-mode=\"MD\" data-visited=\"true\"><\/style>\n              <style data-mode=\"SM\" data-visited=\"true\"><\/style>\n              <style data-mode=\"XS\" data-visited=\"true\"><\/style>\n            <\/div>\n          <\/div>\n          <a class=\"u-absolute-vcenter u-carousel-control u-carousel-control-prev u-grey-70 u-icon-circle u-opacity u-opacity-70 u-spacing-10 u-text-white u-carousel-control-1\" href=\"#carousel-c41d\" role=\"button\" data-u-slide=\"prev\"><span aria-hidden=\"true\">\n              <svg viewBox=\"0 0 451.847 451.847\"><path d=\"M97.141,225.92c0-8.095,3.091-16.192,9.259-22.366L300.689,9.27c12.359-12.359,32.397-12.359,44.751,0\nc12.354,12.354,12.354,32.388,0,44.748L173.525,225.92l171.903,171.909c12.354,12.354,12.354,32.391,0,44.744\nc-12.354,12.365-32.386,12.365-44.745,0l-194.29-194.281C100.226,242.115,97.141,234.018,97.141,225.92z\"><\/path><\/svg><\/span><span class=\"sr-only\">\n              <svg viewBox=\"0 0 451.847 451.847\"><path d=\"M97.141,225.92c0-8.095,3.091-16.192,9.259-22.366L300.689,9.27c12.359-12.359,32.397-12.359,44.751,0\nc12.354,12.354,12.354,32.388,0,44.748L173.525,225.92l171.903,171.909c12.354,12.354,12.354,32.391,0,44.744\nc-12.354,12.365-32.386,12.365-44.745,0l-194.29-194.281C100.226,242.115,97.141,234.018,97.141,225.92z\"><\/path><\/svg><\/span>\n          <\/a>\n          <a class=\"u-absolute-vcenter u-carousel-control u-carousel-control-next u-grey-70 u-icon-circle u-opacity u-opacity-70 u-spacing-10 u-text-white u-carousel-control-2\" href=\"#carousel-c41d\" role=\"button\" data-u-slide=\"next\"><span aria-hidden=\"true\">\n              <svg viewBox=\"0 0 451.846 451.847\"><path d=\"M345.441,248.292L151.154,442.573c-12.359,12.365-32.397,12.365-44.75,0c-12.354-12.354-12.354-32.391,0-44.744\nL278.318,225.92L106.409,54.017c-12.354-12.359-12.354-32.394,0-44.748c12.354-12.359,32.391-12.359,44.75,0l194.287,194.284\nc6.177,6.18,9.262,14.271,9.262,22.366C354.708,234.018,351.617,242.115,345.441,248.292z\"><\/path><\/svg><\/span><span class=\"sr-only\">\n              <svg viewBox=\"0 0 451.846 451.847\"><path d=\"M345.441,248.292L151.154,442.573c-12.359,12.365-32.397,12.365-44.75,0c-12.354-12.354-12.354-32.391,0-44.744\nL278.318,225.92L106.409,54.017c-12.354-12.359-12.354-32.394,0-44.748c12.354-12.359,32.391-12.359,44.75,0l194.287,194.284\nc6.177,6.18,9.262,14.271,9.262,22.366C354.708,234.018,351.617,242.115,345.441,248.292z\"><\/path><\/svg><\/span>\n          <\/a>\n        <\/div>\n      <\/div>\n    <\/section>\n    <section class=\"u-clearfix u-shading u-section-3\" id=\"carousel_27db\" data-image-width=\"1366\" data-image-height=\"768\">\n      <div class=\"u-clearfix u-sheet u-valign-middle-md u-valign-middle-xs u-sheet-1\">\n        <div class=\"u-container-style u-expanded-width-md u-expanded-width-sm u-expanded-width-xs u-group u-shape-rectangle u-group-1\">\n          <div class=\"u-container-layout u-container-layout-1\">\n            <h2 class=\"u-custom-font u-text u-text-body-alt-color u-text-default u-text-1\">Techn\u200bologia <\/h2>\n            <ul class=\"u-text u-text-custom-color-6 u-text-2\">\n              <li style=\"\"><span style=\"font-weight: 700;\"> Wszechstronno\u015b\u0107.<\/span><span class=\"u-text-custom-color-5\">Grill kamado mo\u017cna u\u017cywa\u0107 nie tylko do grillowania i w\u0119dzenia, ale tak\u017ce do pieczenia pizzy, chleba czy ciast. <\/span>\n              <\/li>\n              <li><span style=\"font-weight: 700;\">R\u00f3wnomierna dystrybucja ciep\u0142a.<\/span><span class=\"u-text-custom-color-5\">Ceramiczna konstrukcja zapewnia r\u00f3wnomierne rozprowadzanie ciep\u0142a, co przek\u0142ada si\u0119 na jednolicie przygotowane potrawy. <\/span>\n              <\/li>\n              <li><span style=\"font-weight: 700;\">Kontrola temperatury.<\/span><span class=\"u-text-custom-color-5\">Precyzyjna kontrola przep\u0142ywu powietrza pozwala na \u0142atwe regulowanie temperatury, co jest kluczowe przy r\u00f3\u017cnych metodach gotowania. To w\u0142a\u015bnie dlatego w\u0119dzarnie kamado ciesz\u0105 si\u0119 tak du\u017c\u0105 popularno\u015bci\u0105 w\u015br\u00f3d hobbyst\u00f3w-masarzy. <\/span>\n              <\/li>\n              <li><span style=\"font-weight: 700;\">Trwa\u0142o\u015b\u0107<\/span>. <span class=\"u-text-custom-color-5\">U\u017cycie nowoczesnych materia\u0142\u00f3w zapewnia wyj\u0105tkow\u0105 trwa\u0142o\u015b\u0107, a grille ceramiczne kamado mog\u0105 s\u0142u\u017cy\u0107 przez wiele lat. <\/span>\n              <\/li>\n              <li><span style=\"font-weight: 700;\">Bezpiecze\u0144stwo.<\/span><span class=\"u-text-custom-color-5\">Zewn\u0119trzna powierzchnia grilla nie nagrzewa si\u0119 tak jak w grillach metalowych, co czyni je bezpieczniejszymi w u\u017cyciu. <\/span>\n              <\/li>\n            <\/ul>\n          <\/div>\n        <\/div>\n        <img decoding=\"async\" class=\"u-expanded-width-xs u-image u-image-contain u-image-default u-preserve-proportions u-image-1\" src=\"https:\/\/kaszubski-kociol.pl\/wp-content\/uploads\/2025\/09\/Kaszubskikocio.png\" alt=\"\" data-image-width=\"500\" data-image-height=\"500\">\n      <\/div>\n    <\/section>\n    \n    \n    \n  \n","protected":false},"excerpt":{"rendered":"<p>O nas Robert Mam na imi\u0119 Robert mam 46 lat i mieszkam z rodzin\u0105 na Kaszubach w pi\u0119knych Ostrzycach.Swoj\u0105 pasj\u0119 do przyrz\u0105dzania r\u00f3\u017cnych potraw z grilla i serwowania ich swoim go\u015bciom odkry\u0142em wiele lat temu po zakupie pierwszego grilla w\u0119glowego. Z biegiem czasu i testowaniu r\u00f3\u017cnego rodzaju sprz\u0119tu natrafi\u0142em niedawno przypadkowo na \u201ekocio\u0142ek\u201d. Historia \u201eKocio\u0142ka\u201d &hellip; <a href=\"https:\/\/kaszubski-kociol.pl\/index.php\/o-nas\/\" class=\"more-link\">Continue reading<span class=\"screen-reader-text\"> &#8222;O Nas&#8221;<\/span><\/a><\/p>\n","protected":false},"author":1,"featured_media":0,"parent":0,"menu_order":2,"comment_status":"closed","ping_status":"closed","template":"","meta":{"footnotes":""},"class_list":["post-39","page","type-page","status-publish","hentry"],"_links":{"self":[{"href":"https:\/\/kaszubski-kociol.pl\/index.php\/wp-json\/wp\/v2\/pages\/39","targetHints":{"allow":["GET"]}}],"collection":[{"href":"https:\/\/kaszubski-kociol.pl\/index.php\/wp-json\/wp\/v2\/pages"}],"about":[{"href":"https:\/\/kaszubski-kociol.pl\/index.php\/wp-json\/wp\/v2\/types\/page"}],"author":[{"embeddable":true,"href":"https:\/\/kaszubski-kociol.pl\/index.php\/wp-json\/wp\/v2\/users\/1"}],"replies":[{"embeddable":true,"href":"https:\/\/kaszubski-kociol.pl\/index.php\/wp-json\/wp\/v2\/comments?post=39"}],"version-history":[{"count":8,"href":"https:\/\/kaszubski-kociol.pl\/index.php\/wp-json\/wp\/v2\/pages\/39\/revisions"}],"predecessor-version":[{"id":140,"href":"https:\/\/kaszubski-kociol.pl\/index.php\/wp-json\/wp\/v2\/pages\/39\/revisions\/140"}],"wp:attachment":[{"href":"https:\/\/kaszubski-kociol.pl\/index.php\/wp-json\/wp\/v2\/media?parent=39"}],"curies":[{"name":"wp","href":"https:\/\/api.w.org\/{rel}","templated":true}]}}