{"id":40,"date":"2025-01-08T17:27:12","date_gmt":"2025-01-08T17:27:12","guid":{"rendered":"http:\/\/kaszubski-kociol.pl\/index.php\/kontakt\/"},"modified":"2026-01-18T12:09:46","modified_gmt":"2026-01-18T12:09:46","slug":"kontakt","status":"publish","type":"page","link":"https:\/\/kaszubski-kociol.pl\/index.php\/kontakt\/","title":{"rendered":"Kontakt"},"content":{"rendered":"\n    \n    <section class=\"u-clearfix u-shading u-valign-middle u-section-2\" id=\"sec-2077\" data-image-width=\"1366\" data-image-height=\"768\" data-animation-name=\"\" data-animation-duration=\"0\" data-animation-delay=\"0\" data-animation-direction=\"\">\n      <div class=\"u-expanded-width u-shading u-video u-video-contain u-video-1\">\n        <div class=\"embed-responsive embed-responsive-1\">\n          <video class=\"embed-responsive-item\" data-autoplay=\"1\" loop=\"\" muted=\"1\" autoplay=\"autoplay\" playsinline=\"\">\n            <source src=\"https:\/\/kaszubski-kociol.pl\/wp-content\/uploads\/2025\/09\/WhatsApp-Video-2025-09-06-at-18.36.38.mp4\" type=\"video\/mp4\">\n            <p>Your browser does not support HTML5 video.<\/p>\n          <\/video>\n        <\/div>\n      <\/div>\n      <div class=\"custom-expanded u-container-style u-group u-shape-rectangle u-group-1\">\n        <div class=\"u-container-layout u-container-layout-1\">\n          <h1 class=\"u-align-center u-custom-font u-text u-text-custom-color-6 u-text-1\">Pizza z Pieca tam, Gdzie j\u200best <span class=\"u-text-white\">zabawa!<\/span>\n          <\/h1>\n          <h3 class=\"u-align-center u-custom-font u-font-montserrat u-text u-text-body-alt-color u-text-2\"> Organizujesz urodziny, rocznic\u0119 lub imprez\u0119&nbsp;dla rodziny i znajomych.&nbsp;<br><span style=\"font-weight: 700;\">Zadzwo\u0144, \u200bmy przyje\u017cd\u017camy&nbsp;<\/span><span style=\"font-weight: 700;\">z piecem&nbsp;<\/span><span style=\"font-weight: 700;\">i pieczemy pizz\u0119 na miejscu!<\/span>\n            <br><span class=\"u-text-palette-3-base\"><\/span>\n          <\/h3>\n        <\/div>\n      <\/div>\n      <div class=\"custom-expanded u-align-center u-container-style u-group u-shape-rectangle u-group-2\">\n        <div class=\"u-container-layout u-container-layout-2\">\n          <h2 class=\"u-custom-font u-text u-text-body-alt-color u-text-3\">\n            <font><span style=\"color: rgb(241, 197, 14);\"><\/span><span class=\"u-text-custom-color-6\">Kontakt<\/span>\n            <\/font>\n            <font color=\"#f1c50e\">&nbsp;<\/font>&nbsp;z na\u200bmi \n          <\/h2>\n          <h3 class=\"u-custom-font u-font-montserrat u-text u-text-body-alt-color u-text-4\">Zapytaj o ofert\u0119&nbsp;<\/h3>\n          <a href=\"#\" class=\"u-active-none u-align-center u-btn u-btn-rectangle u-button-style u-custom-font u-font-montserrat u-hover-none u-none u-text-custom-color-6 u-btn-1\"><span class=\"u-icon\"><svg class=\"u-svg-content\" viewBox=\"0 0 405.333 405.333\" x=\"0px\" y=\"0px\" style=\"width: 1em; height: 1em;\"><path d=\"M373.333,266.88c-25.003,0-49.493-3.904-72.704-11.563c-11.328-3.904-24.192-0.896-31.637,6.699l-46.016,34.752    c-52.8-28.181-86.592-61.952-114.389-114.368l33.813-44.928c8.512-8.512,11.563-20.971,7.915-32.64    C142.592,81.472,138.667,56.96,138.667,32c0-17.643-14.357-32-32-32H32C14.357,0,0,14.357,0,32    c0,205.845,167.488,373.333,373.333,373.333c17.643,0,32-14.357,32-32V298.88C405.333,281.237,390.976,266.88,373.333,266.88z\"><\/path><\/svg><\/span> &nbsp;+48 666 684 641 \n          <\/a>\n          <p class=\"u-custom-font u-font-montserrat u-text u-text-body-alt-color u-text-5\"><span class=\"u-file-icon u-icon u-text-custom-color-6 u-icon-2\" data-href=\"mailto:kontakt@kaszubski-kociol.pl\"><img decoding=\"async\" src=\"data:image\/png;base64,iVBORw0KGgoAAAANSUhEUgAAAIAAAACACAYAAADDPmHLAAAO3klEQVR4AeydeZAdVRXGe6Ix+gfirrhviLtiXABLE7ZSLFnCvq+WlopERYtyK6IR9Q8jJYtQUCkQIVAIgijKThArKASjuIK44Ia4F0WpBGX4fo\/zZnpm+t3T3a+3TN\/UObndfU\/fe873fa9fv57X\/RYk8V+vEYgC6DX9SRIFEAXQcwR6Xn48AkQB9ByBnpcfjwBRAD1HoKflD8uOR4AhEj1towB6Svyw7CiAIRI9baMAekr8sOwogCESPW2jAHpK\/LDsKIAhEj1towB6RvzscqMAZiPSs\/UogJ4RPrvcKIDZiPRsfaQAJieTRfKl8mPla+S3yx+UT0ZPuowBHMEVnMEdHC4apetMAYjg12mHDfLr5Z+XHyB\/kXxCHq3bCMARXMEZ3MHhBuN0TuYzBKCghfKVilonf4k82vxAAC7Xwa18YbqkKQGo41HquFH+cfkj5dHmFwJwCrc3GteD6qYEoLXj5W+QR5uHCKRKgmO4HmwaCECKeL3WjpNH6wcCxxnnyQItcIZ4tup+hDxaPxCA67PhniPAtqqZkwQ1uex\/ilol\/2T0pEsYwAnciJZcBufbIoDFucKngziZ2EarqyYmkhXR28cgSRLIhxO40WpuW1xGAIz+Rv13hQ4hm6mN1iICxsEVSgFO1BSy0gJglu3035WWgBajNY2AYX+l5oULNYVtIIAtC+82vQPnD4jgsdOb4lITCIh8MId8OCg75Za8BXDpcNQAG0d1pLaTQBRBCpC6F4uQr1xCHE4gAMWMtC+q5zq5Z5yAXKXENvcCY\/94CBjGV2kUMFcTNLiDw5FBngD+rT3fLr9W7hlXmKIIPJTG6E+RD9beSHAGd3A4MtYTQKKPef\/R3rvKr5F7xhXFq5Xo47zA2F8MAcP0au0FxmqCBle7GnfBQFcA7G0DIQISYFPI+VNyFEEIoYJ9KfLB1tsbjnKRz0C5BECgRPBftbvJef9RE7TXqhcRPF5ttDEQEPlgCKlg6o0EN7sZV17soD+3AIi2gXfXMh8\/1ASNhKMIghCFOwuSDye7G0fhgVO9hQTAfjbBHlrm6pOaoHGZ+RoV8oRgVOycg4Bhxns5GM7pn7UBLvYwbmZ1hVcLC4DhbCJE8G3WHX+N+qMIBEJeS5EPdt5ucDCHfG+nYX8pAbCzRHC\/2mXyb8k921oB16qwJ6qNFkDAMOIjHJgFIgddYL\/MuBhsKPpfaQEwkU28p5Yvl3v2agVEEQiEUZYiH6xGhQ23g\/mexsFwW+F2LAEwmyWACL7JuuOvUj8ieJLaaCkERD6Y8MoHo1RP5iJYj00+I48tAAaRCLjevJeWvyH3jAKjCFIoFSQfjPcyzFOjlFusRABMbQntreXL5J69UgHXqfAnq+21GQZcswcTDwuw3duw9mJz9VcmAGazxPbR8tflnr1CAb0WQYp8sBAcQQPTfQzjYGCRzkoFwMSWICK4lHXHX65+RPAUtb0ykU\/NvPLBwKu9FvKZtHIBMKhE8IDafeVRBAJhthUkHwx55YPp7KHmrBfdUIsASCIlgktYd\/xl6r9ewDxV7bw2q5H79ajZqxXs9jUsvdhS\/bUJgGwscY4EX2Pd8Zeqf16LIEU+tarcoIFZreQze60CYAKJgO+q76fli+We8V11RPA0L3BT6xf51MQrnxq99MFqP8POix2rv3YBkJ0Vsr+WL5J7BkDzSgQFyQej\/Q0zD6ux+xsRAFlaQdyz\/lXWHX+x+tcKuC3UbtJmNaxVEdSkJmhgc4BhFQysqrMxAZCwFXagli+Ue7aVAhDB09VukibyyR3yqcWrAUwONIy82Mr6GxUAWVuBiOAC1h3nSRe8HQCkE9qtbiOf93xq8JIDi8bJJ6nGBcCkEsH\/1R4sP1\/uGQByJHiGF9iVfpFPrrzyyd1LCwwONky82JH9ZTtaEQDJWsGHaHmN3DPuXtokRJAin5y9uqj9EMPCi62lvzUBUI0VfqiWz5N79kIFIIJnqu2kiXxy45VPrl6O1HyoYeDF1tbfqgCoygA4TMvnyj0DWETwLC+w6X6RT055yafWw6z2plOdMV\/rAiAbAwIRfIV1x1+g\/k6JIEU+uSm9oFFjJ8gny04IgEQkggfVHi4\/R+7Z8xWACJ6ttlUT+eTAK5+cvFyo7XCr1YttpL8zAqBaA+YILX9Z7hmAtyqCguRT0xFWo1dbY\/2dEgBVG0BHapkHV6kJ2vPUe4OIeI7aRs3mvEGTkoOaoFHLkVZbMLDpzs4JAAAMqKO0fJbcs+cqgCMBrRbrN5HPXBz2ab0JqeEoq8mLLdw\/7g6dFABFGWD3spzDIaIRERQkn9TvtVpY7px3VgACmgcbLC+AGG8DvB3kOSQXGHY6VDkxNod95pruCC8t137UEo5qqbeTAhBgJwuPY+RFbXBGrv05QSy6bzDexuSwzxzB2IzOY7Q\/NWV0tbupUwIQSBPyUwXJ0fKyBkG8HVQmAuXEWGXJH9ZxtMY5VR56JtMwtrG2MwIwYCD\/PRVUz1U53g7yXJgJTqe8GIPDPmMGY3N0UlunRNAJAQhkXhWnCcB3yz37gwK4mqYmaIPr8hqb5xQEA0d12r688hlrVNhwOzmR23B9VEuNp2lsah4V09j21gVgQJyuit8l9+z3Cliqs2r+gHSKlj2DuJs0xwlyfg\/Bix\/0Eys\/QSs3yRlDTdC+pF4uZS9VS45qgkatp2uO1kXQqgAMgDME1TvlngEs5P+KQIngfWrznF3z\/NyPKvZWzec+Y8diblU8+7CvFoN2inJ5r3xSTm55RUDNZ2i+UiIIZlSgszUBWOFnKtd3yD37nQKWCOBfq50yrb9fKyfK8xh34Nysee+WXy5fKV9mzjLb7tZAN8uJVePaycoBIU4Fap0cl2gDOasJGrWfqRxaE0ErAlDBzLta0HC1T03Q7lIvr\/zfqJ1jAvyD2siPI6nJZXw9+22K5OdT+O49zjLb6FNXLjtJc2d+VNV2cuVIQO7eYGCw2jDxYivvh4jKBw0NaIVCPn\/0CYXS91v9N5J89Q1MgH9YC5+TN2Unas7gRSr1D0VADV5eYNGKCBoVgJHPtXH+7OuBAnCQT+vF8kDLjyiIM2xuRNFiLcZ3GZeLXI467gSKI3eOBLRePJicZRh5sZX1NyYAK4y\/inEG7xXAq4f3\/DyH0KmxBDifJt6iDf+UV22MuYvmOKnIwIqnBs4JqMnbFWz4KZfGeGlkIpHPb9TwZQi+BOqBwEkUr\/w8J1FzxhLg3HLNA5b42hVfMpkTU3ADYzDW1hqbBzYW3D3h6EQtHAmoLXH+gdE5hpkTOn537QKwQiD\/oBzpDj5GCWgAyxGeHaL975IDJELgYUqT2ZHBrezDvhDPN3d5JQd3CHUqH2pCBNQYCqUPrBoRQa0CMPJ59XAjCIWFHGB45fN5PxSXu0+g3ybnidncYsZHLh60EPoTM33EELsF+8pvyz2hE6ixqC2vCMDsXMNwauSqF2oTgBLnIgpffeamUC\/vOxXAe36eS6kKLWYC\/h75ajkPVOQ3DfitI763\/yaNhLO8mfo3lxND7D3qq9w0PjVyTkDN3vhgd55h6cWW6q9FAJYwNz1wW7iX2C8VwCv\/j2obMZFwn\/xO+XfNWb6vkck1ieakVo4E1K4tQQPDNYZpMLBMZ+UCsES53YnnBHk53aGARsnXfJ2wlAjAwMsJLM83bL3YQv2VCsAS5EZHHhfnJXK7AiD\/T2p7aRIBtXMkAAsPAzC9wDD2YnP3VyYAJbZQs3KLMw+M1GLQKHh7AcC192DgfO80DLZXnWCiJmhge6FhHQzM21mJACwhyOfh0d7cv1AAr\/zeky8cBmYi4EgANoNtgf\/AuDIRjC0Akc\/f2XmsCY+PD+Q96Pq5\/of8P6uNlkJAIgATRABGqZ7MRbC+yLDPDMi7cSwBWAKQz0\/JeHP+TAEc9mv5eKWxN3mTCMCGtwOwmlFPxgqYjy2C0gIw8nmaFT8mlZHfjE0\/1VokXyB4lhIBmHnhYH+xceHFZvaXEoAmXKTReIghV9m0GLSfqHcHFfYXtdFyIGBY7aBQsFMTNDi4xDgJBmZ1FhaATQT5fIEia8z0th9rJZIvEIpaSgRg6O0OF6VEUEgAIv\/RyoRn1+6i1jMSh\/y\/eoGxPxsBiQDsOBKAZXbQ9FY4udQ4mt7qLOUWgA0M+W91xqSbP6BA\/t9YiV4eAYkADBEBmHoDwU0hEeQSgMh\/jGbmxwr4soUWg\/Yj9UbyBUJVlhIB2HrDwtFlxpkXm7gCsIEgf2d3tCT5YZIkOyrhv6uNViEChumOGhKM1QQNrnKJwBMAr3x+o2an4HQPd25QE8kXCFVaeqyUCMA63ZW1DGdwB4dZ\/YNtngD43j2qGwQH\/vuB+iD\/H2qj1YiARADGcALm3kzEweHIOATAV59GBXCZd1TfcDt30eykxPjS5HBbbGtEwLDmFQ723kwhDicRQJ4vJYyaZL06IvkCoWlLiQAOyk5\/BwLIo6KsCW7Rxp2VyL\/URmsBAcOeEz64KJPBLWUFwP1zkfwykFe8T0oEcFJ09PVlBMDdMes00wf0EXHF5GSyYjL6iskWMYALOZzAjRZz2+AIwD3wef4GPRyVmzw4szxeG6InSVcwgBO4ES25jD85r1+gQwg\/A8\/DDeq8py5XRjFoGoGal+Ca5xVv5C2AW5c4iWjy7tqa64vDOwh8Vi\/8waeHgQAs+FNqvy+PNr8R+J7KWykf2JQApIgHtOXN8s\/Ii55MaJdoHUeAw\/6nlSN3YMG1FpOZfwySCDbKP6ae7eRFTgwVHq3DCPDNom3E7SfkG9N5Th0B0hsVxGdK7qzlC4ofUh93+nAHS+iyscKidQABOIIrbs07VvkskS8Wp5kX\/DIFoB04MbxfO62Vr5Lzk2ZbqeVTw8TEhLqjT0x0EwM4gquDlN8X5N+Rz3jVw+\/QRwpgGBDb+Y1AFEDH+G06nSiAphHv2HxRAB0jpOl0ogCaRrxj80UBdIyQptOJAmga8Y7NFwXQMUKaTicKoGnEOzZfFEBHCGkrjSiAtpDvyLxRAB0hoq00ogDaQr4j80YBdISIttKIAmgL+Y7MGwXQESLaSiMKoC3kOzJvFEDLRLQ9\/UMAAAD\/\/yMNphsAAAAGSURBVAMAwJVWWyuvjd0AAAAASUVORK5CYII=\" alt=\"\"><\/span>kontakt@kaszu\u200bbski-kociol.pl \n          <\/p>\n          <p class=\"u-custom-font u-font-montserrat u-text u-text-body-alt-color u-text-6\"><span class=\"u-icon u-text-custom-color-6 u-icon-3\" data-href=\"https:\/\/maps.app.goo.gl\/znNSjrksbPvU3JR56\" data-target=\"_blank\"><svg class=\"u-svg-content\" viewBox=\"0 0 54.757 54.757\" x=\"0px\" y=\"0px\" style=\"width: 1em; height: 1em;\"><path d=\"M40.94,5.617C37.318,1.995,32.502,0,27.38,0c-5.123,0-9.938,1.995-13.56,5.617c-6.703,6.702-7.536,19.312-1.804,26.952\n\tL27.38,54.757L42.721,32.6C48.476,24.929,47.643,12.319,40.94,5.617z M27.557,26c-3.859,0-7-3.141-7-7s3.141-7,7-7s7,3.141,7,7\n\tS31.416,26,27.557,26z\"><\/path><\/svg><\/span> ul. D\u0142uga 19, 83-323 Kamienica Szlachecka \n          <\/p>\n          <img decoding=\"async\" class=\"u-image u-image-contain u-image-default u-preserve-proportions u-image-1\" src=\"https:\/\/kaszubski-kociol.pl\/wp-content\/uploads\/2025\/09\/logo-RGB-kaszubski-kociol-mini.png\" alt=\"\" data-image-width=\"280\" data-image-height=\"280\">\n        <\/div>\n      <\/div>\n    <\/section>\n    \n    \n    \n  \n","protected":false},"excerpt":{"rendered":"<p>Your browser does not support HTML5 video. Pizza z Pieca tam, Gdzie j\u200best zabawa! Organizujesz urodziny, rocznic\u0119 lub imprez\u0119&nbsp;dla rodziny i znajomych.&nbsp;Zadzwo\u0144, \u200bmy przyje\u017cd\u017camy&nbsp;z piecem&nbsp;i pieczemy pizz\u0119 na miejscu! Kontakt &nbsp;&nbsp;z na\u200bmi Zapytaj o ofert\u0119&nbsp; &nbsp;+48 666 684 641 kontakt@kaszu\u200bbski-kociol.pl ul. D\u0142uga 19, 83-323 Kamienica Szlachecka<\/p>\n","protected":false},"author":1,"featured_media":0,"parent":0,"menu_order":3,"comment_status":"closed","ping_status":"closed","template":"","meta":{"footnotes":""},"class_list":["post-40","page","type-page","status-publish","hentry"],"_links":{"self":[{"href":"https:\/\/kaszubski-kociol.pl\/index.php\/wp-json\/wp\/v2\/pages\/40","targetHints":{"allow":["GET"]}}],"collection":[{"href":"https:\/\/kaszubski-kociol.pl\/index.php\/wp-json\/wp\/v2\/pages"}],"about":[{"href":"https:\/\/kaszubski-kociol.pl\/index.php\/wp-json\/wp\/v2\/types\/page"}],"author":[{"embeddable":true,"href":"https:\/\/kaszubski-kociol.pl\/index.php\/wp-json\/wp\/v2\/users\/1"}],"replies":[{"embeddable":true,"href":"https:\/\/kaszubski-kociol.pl\/index.php\/wp-json\/wp\/v2\/comments?post=40"}],"version-history":[{"count":5,"href":"https:\/\/kaszubski-kociol.pl\/index.php\/wp-json\/wp\/v2\/pages\/40\/revisions"}],"predecessor-version":[{"id":138,"href":"https:\/\/kaszubski-kociol.pl\/index.php\/wp-json\/wp\/v2\/pages\/40\/revisions\/138"}],"wp:attachment":[{"href":"https:\/\/kaszubski-kociol.pl\/index.php\/wp-json\/wp\/v2\/media?parent=40"}],"curies":[{"name":"wp","href":"https:\/\/api.w.org\/{rel}","templated":true}]}}